{"id":372,"date":"2021-04-10T16:25:07","date_gmt":"2021-04-10T16:25:07","guid":{"rendered":"https:\/\/hommikukunst.ee\/?page_id=372"},"modified":"2026-04-27T09:10:17","modified_gmt":"2026-04-27T09:10:17","slug":"kasulikku","status":"publish","type":"page","link":"https:\/\/hommikumaalid.ee\/en\/kasulikku\/","title":{"rendered":"Useful"},"content":{"rendered":"<div data-elementor-type=\"wp-page\" data-elementor-id=\"372\" class=\"elementor elementor-372\">\n\t\t\t\t\t\t<section class=\"elementor-section elementor-top-section elementor-element elementor-element-f1a06c2 elementor-section-boxed elementor-section-height-default elementor-section-height-default\" data-id=\"f1a06c2\" data-element_type=\"section\" data-e-type=\"section\">\n\t\t\t\t\t\t<div class=\"elementor-container elementor-column-gap-default\">\n\t\t\t\t\t<div class=\"elementor-column elementor-col-100 elementor-top-column elementor-element elementor-element-f380720\" data-id=\"f380720\" data-element_type=\"column\" data-e-type=\"column\">\n\t\t\t<div class=\"elementor-widget-wrap elementor-element-populated\">\n\t\t\t\t\t\t<div class=\"elementor-element elementor-element-08ebd01 elementor-widget elementor-widget-heading\" data-id=\"08ebd01\" data-element_type=\"widget\" data-e-type=\"widget\" data-widget_type=\"heading.default\">\n\t\t\t\t<div class=\"elementor-widget-container\">\n\t\t\t\t\t<h4 class=\"elementor-heading-title elementor-size-default\">1.\tHow to choose a painting for your wall?<\/h4>\t\t\t\t<\/div>\n\t\t\t\t<\/div>\n\t\t\t\t\t<\/div>\n\t\t<\/div>\n\t\t\t\t\t<\/div>\n\t\t<\/section>\n\t\t\t\t<section class=\"elementor-section elementor-top-section elementor-element elementor-element-d7b4605 elementor-section-boxed elementor-section-height-default elementor-section-height-default\" data-id=\"d7b4605\" data-element_type=\"section\" data-e-type=\"section\">\n\t\t\t\t\t\t<div class=\"elementor-container elementor-column-gap-default\">\n\t\t\t\t\t<div class=\"elementor-column elementor-col-100 elementor-top-column elementor-element elementor-element-829c56b\" data-id=\"829c56b\" data-element_type=\"column\" data-e-type=\"column\">\n\t\t\t<div class=\"elementor-widget-wrap elementor-element-populated\">\n\t\t\t\t\t\t<div class=\"elementor-element elementor-element-88a7b5b elementor-widget elementor-widget-text-editor\" data-id=\"88a7b5b\" data-element_type=\"widget\" data-e-type=\"widget\" data-widget_type=\"text-editor.default\">\n\t\t\t\t<div class=\"elementor-widget-container\">\n\t\t\t\t\t\t\t\t\t<p>To begin, consider the type of paintings that appeal to you. Are you drawn to abstract art, where recognizable objects are not depicted and the focus is on dynamics, composition, and the interplay of colors? When selecting abstract paintings, think about which color tones would best suit your home \u2013 bold colors, pastel shades, or tones based on light-dark or color contrasts.<\/p><p>Alternatively, you may prefer representational art, where the painting features recognizable objects such as people, animals, birds, or landscapes. This could be a precise realistic style or an impressionistic one, emphasizing mood and light.<\/p><p>It's important to consider the placement of the painting. Will it be in the dining room, living room, children's room, or bedroom? For bedrooms and children's rooms, a calmer theme with pastel and softer colors is recommended. In the living room, however, you might want something more vibrant and livelier. If the living room serves as a space for relaxation, a painting with a calming mood, such as a nature scene, could be preferable.<\/p><p>For those with a Scandinavian-style home, adding a vibrant accent in the living room, such as a contrasting abstract painting or a colorful nature painting, can be ideal. Glazed and matted pastel or watercolor paintings also complement a Scandinavian-style home, harmonizing well with other framed photos or graphic prints and creating a pleasant and varied composition.<\/p><p>Acrylic and oil paintings, whether framed or not, generally require a bit more space around them and fit well in both modern homes and classic or antique styles, especially when paired with antique furniture.<\/p><p>Ultimately, choosing a painting is a matter of personal feeling. If a painting truly resonates with you and captivates your attention, you will instinctively know that it's \"the one\" and will find the perfect place for it in your home.<\/p>\t\t\t\t\t\t\t\t<\/div>\n\t\t\t\t<\/div>\n\t\t\t\t<div class=\"elementor-element elementor-element-c7bcef1 elementor-widget elementor-widget-heading\" data-id=\"c7bcef1\" data-element_type=\"widget\" data-e-type=\"widget\" data-widget_type=\"heading.default\">\n\t\t\t\t<div class=\"elementor-widget-container\">\n\t\t\t\t\t<h4 class=\"elementor-heading-title elementor-size-default\">2.\tWhat is the ideal size?<\/h4>\t\t\t\t<\/div>\n\t\t\t\t<\/div>\n\t\t\t\t<div class=\"elementor-element elementor-element-3089747 elementor-widget elementor-widget-text-editor\" data-id=\"3089747\" data-element_type=\"widget\" data-e-type=\"widget\" data-widget_type=\"text-editor.default\">\n\t\t\t\t<div class=\"elementor-widget-container\">\n\t\t\t\t\t\t\t\t\t<p>If a painting is too small for a large wall, it can appear lost or insignificant. On the other hand, if a painting is too large for a small wall, it can feel overwhelming and dominate the space.<\/p><p>In the case of a too small painting and a wall with a large spread, the painting &quot;sinks&quot; into the wall and vice versa. A painting that is too big for a small wall feels oppressive.<\/p><p>For a large wall space, you might want to consider either a large acrylic or oil painting or a grouping of smaller pastels, watercolors, or small acrylics. This approach creates a visually engaging effect and allows you to rearrange the paintings within the group from time to time, creating a fresh atmosphere. Of course, the specific mounting methods for the paintings will need to be considered, and I will discuss them in more detail below.<\/p>\t\t\t\t\t\t\t\t<\/div>\n\t\t\t\t<\/div>\n\t\t\t\t<div class=\"elementor-element elementor-element-1c827dd elementor-widget elementor-widget-heading\" data-id=\"1c827dd\" data-element_type=\"widget\" data-e-type=\"widget\" data-widget_type=\"heading.default\">\n\t\t\t\t<div class=\"elementor-widget-container\">\n\t\t\t\t\t<h4 class=\"elementor-heading-title elementor-size-default\">3.\tWhat should you consider regarding lighting?<\/h4>\t\t\t\t<\/div>\n\t\t\t\t<\/div>\n\t\t\t\t<div class=\"elementor-element elementor-element-15689d6 elementor-widget elementor-widget-text-editor\" data-id=\"15689d6\" data-element_type=\"widget\" data-e-type=\"widget\" data-widget_type=\"text-editor.default\">\n\t\t\t\t<div class=\"elementor-widget-container\">\n\t\t\t\t\t\t\t\t\t<p>When choosing a painting, it's important to consider the lighting in the room where it will be displayed. If you have a darker wall that doesn't receive much daylight and lacks wall lamps, such as walls above stairs or in an entryway, it's better to choose paintings in lighter colors. Ideally, each painting would have its own dedicated lighting, but this can be a complex and time-consuming task. Additionally, if you enjoy occasionally rearranging the paintings on your walls, individual wall spotlights for each painting might limit your flexibility rather than enhance it.<\/p><p><strong>N\u00f5uandeid, kuidas maali seinale valida<\/strong>:<\/p><p><a href=\"http:\/\/www.kuidas.ee\/871\/kuidas-valida-seinale-maali\">www.kuidas.ee\/871\/kuidas-valida-seinale-maali<\/a><\/p><p><a href=\"https:\/\/www.sisustusweb.ee\/ee\/nipid\/2946\/millist-kunsti-valida-oma-elutoa-seinale.html\">www.sisustusweb.ee\/ee\/nipid\/2946\/millist-kunsti-valida-oma-elutoa-seinale.html<\/a><\/p><p><a href=\"https:\/\/www.thespruce.com\/choosing-artwork-by-room-4155124\">www.thespruce.com\/choosing-artwork-by-room-4155124<\/a><\/p><p><strong>- Furthermore, Mark Kostabi<\/strong>\u00a0has expressed that when furniture and paintings harmonize with each other, he experiences a wonderful sense of security and happiness.<\/p>\t\t\t\t\t\t\t\t<\/div>\n\t\t\t\t<\/div>\n\t\t\t\t<div class=\"elementor-element elementor-element-4a6b1ec elementor-widget elementor-widget-heading\" data-id=\"4a6b1ec\" data-element_type=\"widget\" data-e-type=\"widget\" data-widget_type=\"heading.default\">\n\t\t\t\t<div class=\"elementor-widget-container\">\n\t\t\t\t\t<h4 class=\"elementor-heading-title elementor-size-default\">4.\tWhen to use a frame, matting, glass, and when not to?<\/h4>\t\t\t\t<\/div>\n\t\t\t\t<\/div>\n\t\t\t\t<div class=\"elementor-element elementor-element-4293046 elementor-widget elementor-widget-text-editor\" data-id=\"4293046\" data-element_type=\"widget\" data-e-type=\"widget\" data-widget_type=\"text-editor.default\">\n\t\t\t\t<div class=\"elementor-widget-container\">\n\t\t\t\t\t\t\t\t\t<p>Frames are commonly used to provide protection for artworks, although not all paintings necessarily require them.<\/p><p><strong>Frame:<\/strong> For acrylic and oil paintings, which are typically painted on primed canvas stretched over a wooden frame, a frame is often not necessary. These paintings can be displayed on the wall without a frame, and sometimes they may even look better without one. The decision to use a frame depends on the nature and decor of your home or office. In rooms with high ceilings or modern furniture, acrylic and oil paintings often require minimal framing.<\/p><p>If your home is decorated in a classical or antique style, consider using antique-style or minimalist wooden or plastic frames<\/p><p>However, for pastel and watercolor paintings, a frame is essential. Since pastels and watercolors are typically painted on thin paper, they cannot be displayed without a frame.<\/p><p><strong>Glass:<\/strong> When framing pastel and watercolor paintings, it's crucial to use glass to protect the artwork from moisture and dust. However, regular window glass is not suitable as it may have a slight greenish tint and can reflect light in a way that obscures the painting. Instead, it is recommended to use anti-reflective, colorless, specially designed glass for framing pictures. This type of glass has one side matte and the other side clear, reducing reflections from direct light while ensuring maximum transparency.<\/p><p><strong>Matting:<\/strong> \u00a0In addition to glass, matting is also necessary for pastel and watercolor paintings. Matting refers to a colored or white border made of thicker cardboard that provides a consistent space between the painting and the frame. The purpose of matting is to enhance the painting visually and also offer practical value by creating an air gap between the paper and the glass, providing better protection for the artwork. \u00a0<\/p><p>For more information on framing and glazing options, you can explore resources available here:<\/p><p><a href=\"https:\/\/www.jarsi.ee\/piltide-raamimine\/\">https:\/\/www.jarsi.ee\/piltide-raamimine\/<\/a><\/p><p>https:\/\/www.raamikoda.ee\/<\/p><p>\u00a0<\/p>\t\t\t\t\t\t\t\t<\/div>\n\t\t\t\t<\/div>\n\t\t\t\t<div class=\"elementor-element elementor-element-648a219 elementor-widget elementor-widget-heading\" data-id=\"648a219\" data-element_type=\"widget\" data-e-type=\"widget\" data-widget_type=\"heading.default\">\n\t\t\t\t<div class=\"elementor-widget-container\">\n\t\t\t\t\t<h4 class=\"elementor-heading-title elementor-size-default\">5. How to hang a painting on the wall without making holes?<\/h4>\t\t\t\t<\/div>\n\t\t\t\t<\/div>\n\t\t\t\t<section class=\"elementor-section elementor-inner-section elementor-element elementor-element-7387ae7 elementor-section-boxed elementor-section-height-default elementor-section-height-default\" data-id=\"7387ae7\" data-element_type=\"section\" data-e-type=\"section\">\n\t\t\t\t\t\t<div class=\"elementor-container elementor-column-gap-default\">\n\t\t\t\t\t<div class=\"elementor-column elementor-col-50 elementor-inner-column elementor-element elementor-element-d8a18d5\" data-id=\"d8a18d5\" data-element_type=\"column\" data-e-type=\"column\">\n\t\t\t<div class=\"elementor-widget-wrap elementor-element-populated\">\n\t\t\t\t\t\t<div class=\"elementor-element elementor-element-4cf1c36 elementor-widget elementor-widget-text-editor\" data-id=\"4cf1c36\" data-element_type=\"widget\" data-e-type=\"widget\" data-widget_type=\"text-editor.default\">\n\t\t\t\t<div class=\"elementor-widget-container\">\n\t\t\t\t\t\t\t\t\t<p>When it comes to hanging a painting, screws are typically used as anchor points in the wall, such as drywall or wood screws. However, what if you want to rearrange or replace the painting? Unsightly holes left behind from removing the screws are not ideal.<\/p><p>A great alternative is to use wall-mounted rail systems that attach to the ceiling. White rails are a popular choice as they blend seamlessly with the ceiling, drawing minimal attention. Typically, a narrow white border is present where the ceiling meets the wallpaper or painted walls, making it the ideal location for mounting the rail system.<\/p><p>To hang your paintings on the rail system, you will also need to purchase hooks and hangers designed for this purpose.<\/p><p>Once the rail is installed, you can easily adjust the position of the painting horizontally or vertically as needed. Multiple paintings can be hung within the width of the rail, whether side by side or stacked. If you're unsure of the exact placement of the paintings on a freshly renovated wall, I recommend installing the rail across the entire width of the wall, providing flexibility for future adjustments.<\/p><p>Recommend exploring the range of hanging systems on the website of J\u00e4rsi O\u00dc (located in Tallinn) or on the website of Raamikoda (located in Tartu), as both use professional hanging systems by Stas:<\/p><p><a href=\"https:\/\/www.jarsi.ee\/tootekategooria\/riputustarvikud\/stas-riputussysteemid-seinale\/\">https:\/\/www.jarsi.ee\/tootekategooria\/riputustarvikud\/stas-riputussysteemid-seinale\/<\/a><\/p><p>https:\/\/www.raamikoda.ee\/<\/p><p>Both workshops offer wall rails in various widths, lengths, and colour tones, along with all the necessary hanging accessories. One example option from the website is shown in the image beside it.<\/p><p>I have personally been using J\u00e4rsi\u2019s products for years and have been very satisfied with the range of possibilities, reliability, and overall appearance.<\/p>\t\t\t\t\t\t\t\t<\/div>\n\t\t\t\t<\/div>\n\t\t\t\t\t<\/div>\n\t\t<\/div>\n\t\t\t\t<div class=\"elementor-column elementor-col-50 elementor-inner-column elementor-element elementor-element-414bb5d\" data-id=\"414bb5d\" data-element_type=\"column\" data-e-type=\"column\">\n\t\t\t<div class=\"elementor-widget-wrap elementor-element-populated\">\n\t\t\t\t\t\t<div class=\"elementor-element elementor-element-a326548 elementor-widget elementor-widget-spacer\" data-id=\"a326548\" data-element_type=\"widget\" data-e-type=\"widget\" data-widget_type=\"spacer.default\">\n\t\t\t\t<div class=\"elementor-widget-container\">\n\t\t\t\t\t\t\t<div class=\"elementor-spacer\">\n\t\t\t<div class=\"elementor-spacer-inner\"><\/div>\n\t\t<\/div>\n\t\t\t\t\t\t<\/div>\n\t\t\t\t<\/div>\n\t\t\t\t<div class=\"elementor-element elementor-element-e8f79f3 elementor-widget elementor-widget-image\" data-id=\"e8f79f3\" data-element_type=\"widget\" data-e-type=\"widget\" data-widget_type=\"image.default\">\n\t\t\t\t<div class=\"elementor-widget-container\">\n\t\t\t\t\t\t\t\t\t\t\t\t\t\t\t<img fetchpriority=\"high\" decoding=\"async\" width=\"575\" height=\"446\" src=\"https:\/\/hommikumaalid.ee\/wp-content\/uploads\/2021\/10\/Cliprail-02.jpg\" class=\"attachment-2048x2048 size-2048x2048 wp-image-479\" alt=\"ksksk\" srcset=\"https:\/\/hommikumaalid.ee\/wp-content\/uploads\/2021\/10\/Cliprail-02.jpg 575w, https:\/\/hommikumaalid.ee\/wp-content\/uploads\/2021\/10\/Cliprail-02-300x233.jpg 300w\" sizes=\"(max-width: 575px) 100vw, 575px\" \/>\t\t\t\t\t\t\t\t\t\t\t\t\t\t\t<\/div>\n\t\t\t\t<\/div>\n\t\t\t\t\t<\/div>\n\t\t<\/div>\n\t\t\t\t\t<\/div>\n\t\t<\/section>\n\t\t\t\t\t<\/div>\n\t\t<\/div>\n\t\t\t\t\t<\/div>\n\t\t<\/section>\n\t\t\t\t<section class=\"elementor-section elementor-top-section elementor-element elementor-element-3544cdd elementor-section-boxed elementor-section-height-default elementor-section-height-default\" data-id=\"3544cdd\" data-element_type=\"section\" data-e-type=\"section\">\n\t\t\t\t\t\t<div class=\"elementor-container elementor-column-gap-default\">\n\t\t\t\t\t<div class=\"elementor-column elementor-col-100 elementor-top-column elementor-element elementor-element-e9099a0\" data-id=\"e9099a0\" data-element_type=\"column\" data-e-type=\"column\">\n\t\t\t<div class=\"elementor-widget-wrap elementor-element-populated\">\n\t\t\t\t\t\t<div class=\"elementor-element elementor-element-d1ff918 elementor-widget elementor-widget-heading\" data-id=\"d1ff918\" data-element_type=\"widget\" data-e-type=\"widget\" data-widget_type=\"heading.default\">\n\t\t\t\t<div class=\"elementor-widget-container\">\n\t\t\t\t\t<h4 class=\"elementor-heading-title elementor-size-default\">6. How to care for silk scarves, can they be washed?<\/h4>\t\t\t\t<\/div>\n\t\t\t\t<\/div>\n\t\t\t\t<div class=\"elementor-element elementor-element-83dcca4 elementor-widget elementor-widget-text-editor\" data-id=\"83dcca4\" data-element_type=\"widget\" data-e-type=\"widget\" data-widget_type=\"text-editor.default\">\n\t\t\t\t<div class=\"elementor-widget-container\">\n\t\t\t\t\t\t\t\t\t<p>Silk scarves can indeed be washed, and it is recommended to wash them occasionally. When washing silk scarves, it is best to hand wash them in cool or lukewarm water. You can add a drop of vinegar to the rinse water. Avoid wringing the silk. Instead, gently squeeze out any excess water. After rinsing, hang the silk scarf to air dry in an open area, making sure to lay it flat. It is crucial to avoid drying silk in direct sunlight or near a hot radiator, as this exposure can cause the fabric to become brittle. Silk dries relatively quickly, but if the scarf is not fully dry after a reasonable amount of time, it can be ironed on the reverse side at an appropriate temperature for silk. It's worth noting that dry silk can be quite tricky to iron.<\/p>\t\t\t\t\t\t\t\t<\/div>\n\t\t\t\t<\/div>\n\t\t\t\t\t<\/div>\n\t\t<\/div>\n\t\t\t\t\t<\/div>\n\t\t<\/section>\n\t\t\t\t<\/div>","protected":false},"excerpt":{"rendered":"<p>1. Kuidas valida seinale maali? Alustuseks m\u00f5tiskle, missugused maalid Sulle rohkem meeldivad, kas n\u00e4iteks abstraktsed maalid, kus konkreetset \u00e4ratuntavat objekti enamasti kujutatud pole, pigem on r\u00f5hk d\u00fcnaamikal, kompositsioonil ja v\u00e4rvide m\u00e4ngul. Abstraktsete maalide puhul m\u00f5tiskle, missugused v\u00e4rvitoonid Sinu koju rohkem sobivad, kas j\u00f5ulised v\u00e4rvitoonid v\u00f5i pigem pastelsed, v\u00f5i hoopis v\u00e4rvitoonid, mis p\u00f5hinevad hele-tumeduse v\u00f5i v\u00e4rvikontrastidel. [&hellip;]<\/p>\n","protected":false},"author":1,"featured_media":0,"parent":0,"menu_order":0,"comment_status":"closed","ping_status":"closed","template":"elementor_header_footer","meta":{"site-sidebar-layout":"no-sidebar","site-content-layout":"page-builder","ast-site-content-layout":"default","site-content-style":"default","site-sidebar-style":"default","ast-global-header-display":"","ast-banner-title-visibility":"","ast-main-header-display":"","ast-hfb-above-header-display":"","ast-hfb-below-header-display":"","ast-hfb-mobile-header-display":"","site-post-title":"disabled","ast-breadcrumbs-content":"","ast-featured-img":"disabled","footer-sml-layout":"","ast-disable-related-posts":"","theme-transparent-header-meta":"default","adv-header-id-meta":"","stick-header-meta":"","header-above-stick-meta":"","header-main-stick-meta":"","header-below-stick-meta":"","astra-migrate-meta-layouts":"default","ast-page-background-enabled":"default","ast-page-background-meta":{"desktop":{"background-color":"","background-image":"","background-repeat":"repeat","background-position":"center center","background-size":"auto","background-attachment":"scroll","background-type":"","background-media":"","overlay-type":"","overlay-color":"","overlay-opacity":"","overlay-gradient":""},"tablet":{"background-color":"","background-image":"","background-repeat":"repeat","background-position":"center center","background-size":"auto","background-attachment":"scroll","background-type":"","background-media":"","overlay-type":"","overlay-color":"","overlay-opacity":"","overlay-gradient":""},"mobile":{"background-color":"","background-image":"","background-repeat":"repeat","background-position":"center center","background-size":"auto","background-attachment":"scroll","background-type":"","background-media":"","overlay-type":"","overlay-color":"","overlay-opacity":"","overlay-gradient":""}},"ast-content-background-meta":{"desktop":{"background-color":"var(--ast-global-color-5)","background-image":"","background-repeat":"repeat","background-position":"center center","background-size":"auto","background-attachment":"scroll","background-type":"","background-media":"","overlay-type":"","overlay-color":"","overlay-opacity":"","overlay-gradient":""},"tablet":{"background-color":"var(--ast-global-color-5)","background-image":"","background-repeat":"repeat","background-position":"center center","background-size":"auto","background-attachment":"scroll","background-type":"","background-media":"","overlay-type":"","overlay-color":"","overlay-opacity":"","overlay-gradient":""},"mobile":{"background-color":"var(--ast-global-color-5)","background-image":"","background-repeat":"repeat","background-position":"center center","background-size":"auto","background-attachment":"scroll","background-type":"","background-media":"","overlay-type":"","overlay-color":"","overlay-opacity":"","overlay-gradient":""}},"footnotes":""},"class_list":["post-372","page","type-page","status-publish","hentry"],"jetpack_sharing_enabled":true,"_links":{"self":[{"href":"https:\/\/hommikumaalid.ee\/en\/wp-json\/wp\/v2\/pages\/372","targetHints":{"allow":["GET"]}}],"collection":[{"href":"https:\/\/hommikumaalid.ee\/en\/wp-json\/wp\/v2\/pages"}],"about":[{"href":"https:\/\/hommikumaalid.ee\/en\/wp-json\/wp\/v2\/types\/page"}],"author":[{"embeddable":true,"href":"https:\/\/hommikumaalid.ee\/en\/wp-json\/wp\/v2\/users\/1"}],"replies":[{"embeddable":true,"href":"https:\/\/hommikumaalid.ee\/en\/wp-json\/wp\/v2\/comments?post=372"}],"version-history":[{"count":37,"href":"https:\/\/hommikumaalid.ee\/en\/wp-json\/wp\/v2\/pages\/372\/revisions"}],"predecessor-version":[{"id":5654,"href":"https:\/\/hommikumaalid.ee\/en\/wp-json\/wp\/v2\/pages\/372\/revisions\/5654"}],"wp:attachment":[{"href":"https:\/\/hommikumaalid.ee\/en\/wp-json\/wp\/v2\/media?parent=372"}],"curies":[{"name":"wp","href":"https:\/\/api.w.org\/{rel}","templated":true}]}}