{"id":3555,"date":"2023-09-14T09:54:08","date_gmt":"2023-09-14T09:54:08","guid":{"rendered":"https:\/\/hommikukunst.ee\/?page_id=3555"},"modified":"2025-12-12T10:02:39","modified_gmt":"2025-12-12T10:02:39","slug":"minust","status":"publish","type":"page","link":"https:\/\/hommikumaalid.ee\/en\/minust\/","title":{"rendered":"About me"},"content":{"rendered":"<div data-elementor-type=\"wp-page\" data-elementor-id=\"3555\" class=\"elementor elementor-3555\">\n\t\t\t\t\t\t<section class=\"elementor-section elementor-top-section elementor-element elementor-element-a09c5fb elementor-section-boxed elementor-section-height-default elementor-section-height-default\" data-id=\"a09c5fb\" data-element_type=\"section\" data-e-type=\"section\">\n\t\t\t\t\t\t<div class=\"elementor-container elementor-column-gap-default\">\n\t\t\t\t\t<div class=\"elementor-column elementor-col-50 elementor-top-column elementor-element elementor-element-3ee5a63\" data-id=\"3ee5a63\" data-element_type=\"column\" data-e-type=\"column\">\n\t\t\t<div class=\"elementor-widget-wrap elementor-element-populated\">\n\t\t\t\t\t\t<div class=\"elementor-element elementor-element-1e0ba5d elementor-widget__width-initial elementor-widget elementor-widget-text-editor\" data-id=\"1e0ba5d\" data-element_type=\"widget\" data-e-type=\"widget\" data-widget_type=\"text-editor.default\">\n\t\t\t\t<div class=\"elementor-widget-container\">\n\t\t\t\t\t\t\t\t\t<p>\u00a0<\/p><p>As long as I can remember, I\u2019ve always scribbled or drawn on the edges of paper, with most of my school notebooks filled with sketches. Does this sound familiar to you?<\/p><p>Even in high school, I had the opportunity to study textile painting\/silk painting at the factory \u201cTekstiil\u201d, and about seven years ago, I resumed painting on silk. What captivates me about painting on silk is how the colours blend together and create art on such a delicate and sensitive material.<\/p><p>I have accumulated nearly 15 years of experience in painting with acrylics and pastels at the Kullo Painting Studio, as well as through the Open Academy of the Estonian Academy of Arts. Thanks to the courses offered by the Academy, I have also delved into the joys of oil painting and various mixed media techniques. Additionally, participating in workshops facilitated by renowned artists has allowed me to gain fresh perspectives.<\/p><p>Having graduated from the Faculty of Medicine at the University of Tartu, I currently work as a medical consultant for a pharmaceutical company. However, painting remains my passion in life!<\/p>\t\t\t\t\t\t\t\t<\/div>\n\t\t\t\t<\/div>\n\t\t\t\t\t<\/div>\n\t\t<\/div>\n\t\t\t\t<div class=\"elementor-column elementor-col-50 elementor-top-column elementor-element elementor-element-3ce86ee\" data-id=\"3ce86ee\" data-element_type=\"column\" data-e-type=\"column\">\n\t\t\t<div class=\"elementor-widget-wrap elementor-element-populated\">\n\t\t\t\t\t\t<div class=\"elementor-element elementor-element-20bbf0c elementor-widget elementor-widget-image\" data-id=\"20bbf0c\" data-element_type=\"widget\" data-e-type=\"widget\" data-widget_type=\"image.default\">\n\t\t\t\t<div class=\"elementor-widget-container\">\n\t\t\t\t\t\t\t\t\t\t\t\t\t\t\t<img fetchpriority=\"high\" decoding=\"async\" width=\"759\" height=\"1024\" src=\"https:\/\/hommikumaalid.ee\/wp-content\/uploads\/2022\/08\/IMG_8214-759x1024.jpg\" class=\"attachment-large size-large wp-image-3080\" alt=\"\" srcset=\"https:\/\/hommikumaalid.ee\/wp-content\/uploads\/2022\/08\/IMG_8214-759x1024.jpg 759w, https:\/\/hommikumaalid.ee\/wp-content\/uploads\/2022\/08\/IMG_8214-222x300.jpg 222w, https:\/\/hommikumaalid.ee\/wp-content\/uploads\/2022\/08\/IMG_8214-768x1036.jpg 768w, https:\/\/hommikumaalid.ee\/wp-content\/uploads\/2022\/08\/IMG_8214-1139x1536.jpg 1139w, https:\/\/hommikumaalid.ee\/wp-content\/uploads\/2022\/08\/IMG_8214-1519x2048.jpg 1519w, https:\/\/hommikumaalid.ee\/wp-content\/uploads\/2022\/08\/IMG_8214-600x809.jpg 600w, https:\/\/hommikumaalid.ee\/wp-content\/uploads\/2022\/08\/IMG_8214.jpg 1773w\" sizes=\"(max-width: 759px) 100vw, 759px\" \/>\t\t\t\t\t\t\t\t\t\t\t\t\t\t\t<\/div>\n\t\t\t\t<\/div>\n\t\t\t\t\t<\/div>\n\t\t<\/div>\n\t\t\t\t\t<\/div>\n\t\t<\/section>\n\t\t\t\t<section class=\"elementor-section elementor-top-section elementor-element elementor-element-428e667 elementor-section-boxed elementor-section-height-default elementor-section-height-default\" data-id=\"428e667\" data-element_type=\"section\" data-e-type=\"section\">\n\t\t\t\t\t\t<div class=\"elementor-container elementor-column-gap-default\">\n\t\t\t\t\t<div class=\"elementor-column elementor-col-50 elementor-top-column elementor-element elementor-element-e0c917e\" data-id=\"e0c917e\" data-element_type=\"column\" data-e-type=\"column\">\n\t\t\t<div class=\"elementor-widget-wrap elementor-element-populated\">\n\t\t\t\t\t\t<div class=\"elementor-element elementor-element-543b9b3 elementor-widget elementor-widget-image\" data-id=\"543b9b3\" data-element_type=\"widget\" data-e-type=\"widget\" data-widget_type=\"image.default\">\n\t\t\t\t<div class=\"elementor-widget-container\">\n\t\t\t\t\t\t\t\t\t\t\t\t\t\t\t<img decoding=\"async\" width=\"1024\" height=\"683\" src=\"https:\/\/hommikumaalid.ee\/wp-content\/uploads\/2022\/08\/Eka-loputoo-1-JPG-1024x683.jpg\" class=\"attachment-large size-large wp-image-3061\" alt=\"\" srcset=\"https:\/\/hommikumaalid.ee\/wp-content\/uploads\/2022\/08\/Eka-loputoo-1-JPG-1024x683.jpg 1024w, https:\/\/hommikumaalid.ee\/wp-content\/uploads\/2022\/08\/Eka-loputoo-1-JPG-300x200.jpg 300w, https:\/\/hommikumaalid.ee\/wp-content\/uploads\/2022\/08\/Eka-loputoo-1-JPG-768x513.jpg 768w, https:\/\/hommikumaalid.ee\/wp-content\/uploads\/2022\/08\/Eka-loputoo-1-JPG-1536x1025.jpg 1536w, https:\/\/hommikumaalid.ee\/wp-content\/uploads\/2022\/08\/Eka-loputoo-1-JPG-2048x1367.jpg 2048w, https:\/\/hommikumaalid.ee\/wp-content\/uploads\/2022\/08\/Eka-loputoo-1-JPG-600x400.jpg 600w\" sizes=\"(max-width: 1024px) 100vw, 1024px\" \/>\t\t\t\t\t\t\t\t\t\t\t\t\t\t\t<\/div>\n\t\t\t\t<\/div>\n\t\t\t\t<div class=\"elementor-element elementor-element-db951e3 elementor-widget elementor-widget-image\" data-id=\"db951e3\" data-element_type=\"widget\" data-e-type=\"widget\" data-widget_type=\"image.default\">\n\t\t\t\t<div class=\"elementor-widget-container\">\n\t\t\t\t\t\t\t\t\t\t\t\t\t\t\t<img decoding=\"async\" width=\"1024\" height=\"757\" src=\"https:\/\/hommikumaalid.ee\/wp-content\/uploads\/2022\/05\/IMG_6443-1024x757.jpg\" class=\"attachment-large size-large wp-image-2748\" alt=\"\" srcset=\"https:\/\/hommikumaalid.ee\/wp-content\/uploads\/2022\/05\/IMG_6443-1024x757.jpg 1024w, https:\/\/hommikumaalid.ee\/wp-content\/uploads\/2022\/05\/IMG_6443-300x222.jpg 300w, https:\/\/hommikumaalid.ee\/wp-content\/uploads\/2022\/05\/IMG_6443-768x568.jpg 768w, https:\/\/hommikumaalid.ee\/wp-content\/uploads\/2022\/05\/IMG_6443-1536x1135.jpg 1536w, https:\/\/hommikumaalid.ee\/wp-content\/uploads\/2022\/05\/IMG_6443-2048x1514.jpg 2048w, https:\/\/hommikumaalid.ee\/wp-content\/uploads\/2022\/05\/IMG_6443-600x443.jpg 600w\" sizes=\"(max-width: 1024px) 100vw, 1024px\" \/>\t\t\t\t\t\t\t\t\t\t\t\t\t\t\t<\/div>\n\t\t\t\t<\/div>\n\t\t\t\t\t<\/div>\n\t\t<\/div>\n\t\t\t\t<div class=\"elementor-column elementor-col-50 elementor-top-column elementor-element elementor-element-441ffef\" data-id=\"441ffef\" data-element_type=\"column\" data-e-type=\"column\">\n\t\t\t<div class=\"elementor-widget-wrap elementor-element-populated\">\n\t\t\t\t\t\t<div class=\"elementor-element elementor-element-89f4020 elementor-widget__width-initial elementor-widget elementor-widget-text-editor\" data-id=\"89f4020\" data-element_type=\"widget\" data-e-type=\"widget\" data-widget_type=\"text-editor.default\">\n\t\t\t\t<div class=\"elementor-widget-container\">\n\t\t\t\t\t\t\t\t\t<p><strong>Certificates and Professional Affiliations<\/strong><\/p><p><strong>-Member of the Estonian Painters\u2019 Association since 2025<\/strong><\/p><p><strong>-Certificate of completion for the course \u201cPainting A, B, C... and Z\u201d at the Estonian Academy of Arts, 2022<\/strong><\/p><p><strong style=\"font-style: inherit; color: var(--ast-global-color-3);\">CV<\/strong><\/p><p>-Born: P\u00e4rnu, 1969;\n\n-Resides: Tallinn<\/p><p><strong>Artistic Education<\/strong><\/p><p><span style=\"color: var(--ast-global-color-3); font-style: inherit; font-weight: inherit;\">2021-2022 Estonian Academy of Arts Open Academy Course \u201cPainting A, B, C\u2026 and Z\u201d Instructors: Mart Vainre, Maria Sidljarevit\u0161, Saskia J\u00e4rve<\/span><\/p><p>2019-2020 Estonian Academy of Arts Open Academy Course \u201cComposition and Color Theory\u201d Instructor: Maria Sidljarevit\u0161<\/p><p>2010-ongoing- Drawing and Painting Course at Kullo in Tallinn, instructed by Kersti Linnam\u00e4gi<\/p><p><span style=\"font-style: inherit; font-weight: inherit; color: var(--ast-global-color-3);\">1987-1988 Textile Factory \u201cTekstiil,\u201d Specialization in Textile and Silk Painting<\/span><\/p><p><strong>Education and Work<\/strong><\/p><p>1996-Present Medical Adviser at Merck Sharp &amp; Dohme <em>(Medical Adviser)<\/em> ravimifirmas Merck Sharp Dohme,<\/p><p>1994-1996 Internship, East Tallinn Central Hospital<\/p><p>1987-1994  Faculty of Medicine, University of Tartu<\/p>\t\t\t\t\t\t\t\t<\/div>\n\t\t\t\t<\/div>\n\t\t\t\t\t<\/div>\n\t\t<\/div>\n\t\t\t\t\t<\/div>\n\t\t<\/section>\n\t\t\t\t<section class=\"elementor-section elementor-top-section elementor-element elementor-element-cc30ba8 elementor-section-boxed elementor-section-height-default elementor-section-height-default\" data-id=\"cc30ba8\" data-element_type=\"section\" data-e-type=\"section\">\n\t\t\t\t\t\t<div class=\"elementor-container elementor-column-gap-default\">\n\t\t\t\t\t<div class=\"elementor-column elementor-col-100 elementor-top-column elementor-element elementor-element-fc106e7\" data-id=\"fc106e7\" data-element_type=\"column\" data-e-type=\"column\">\n\t\t\t<div class=\"elementor-widget-wrap elementor-element-populated\">\n\t\t\t\t\t\t\t<\/div>\n\t\t<\/div>\n\t\t\t\t\t<\/div>\n\t\t<\/section>\n\t\t\t\t<section class=\"elementor-section elementor-top-section elementor-element elementor-element-3a9d830 elementor-section-boxed elementor-section-height-default elementor-section-height-default\" data-id=\"3a9d830\" data-element_type=\"section\" data-e-type=\"section\">\n\t\t\t\t\t\t<div class=\"elementor-container elementor-column-gap-default\">\n\t\t\t\t\t<div class=\"elementor-column elementor-col-50 elementor-top-column elementor-element elementor-element-7b87f00\" data-id=\"7b87f00\" data-element_type=\"column\" data-e-type=\"column\">\n\t\t\t<div class=\"elementor-widget-wrap elementor-element-populated\">\n\t\t\t\t\t\t<div class=\"elementor-element elementor-element-6db9b19 elementor-widget__width-initial elementor-widget elementor-widget-text-editor\" data-id=\"6db9b19\" data-element_type=\"widget\" data-e-type=\"widget\" data-widget_type=\"text-editor.default\">\n\t\t\t\t<div class=\"elementor-widget-container\">\n\t\t\t\t\t\t\t\t\t<p><strong>Solo Exhibitions<\/strong><\/p><p>2025 &#8220;Linnulennult&#8221; Kullo Lastegalerii<\/p><p>2025 \u201cTouch of Spring\u201d ETCH Centre of Oncology<\/p><p>2025 \" Invisible threads\" at ArtDepoo Gallery<\/p><p>2024 \u201cIn the Rhythms of Nature\u201d and \u201cIn the Rhythms of Autumn\u201d ETCH Centre of Oncology<\/p><p>2024 \u201cVoices of Time\u201d Ahja Library\/Tugalse Museum<\/p><p>2023 \u201cBlossoms and Colors\u201d Meriv\u00e4lja S\u00fcdamekodu<\/p><p>2023 \u201cIn the Rhythms of Nature\u201d Klooga House, L\u00e4\u00e4ne-Harju Cultural Center<\/p><p>2022 \u201cThe Beauty of Light\u201d Meriv\u00e4lja S\u00fcdamekodu<\/p><p>2022 \u201cBlossoms of Time\u201d Tallinna Huvikeskus Kullo<\/p><p>2022 \u201cVoices of Kirmsi Bog and Borderline Trees\u201d South Estonian Centre for Language and Cultural Studies, Tartu<\/p><p>2022 \u201cVoices of Kirmsi Bog\u201d Mehikoorma Community Center and Leevi Community Hall<\/p><p>2021 \u201cVoices of Kirmsi Bog\u201d R\u00e4pina Creative Center<\/p><p>2021 \u201cVoices of Kirmsi Bog\u201d Tartu University Clinic<\/p><p>2021 \u201cBlossoms, Colors, and Juices\u201d Tartu University Clinic<\/p><p>2019 50th Anniversary Exhibition \u201cMood II\u201d Kochi Aidad, Tallinn<\/p><p>2018 \u201cSilence in Light\u201d N\u00f5mme Cultural Center, Tallinn<\/p><p>2018 \u201cFlowers of Time\u201d N\u00f5mme Cultural Center, Tallinn<\/p><p>2017 \u201cMood\u201d Kochi Aidad, Tallinn<\/p><p>2017 \u201cFlowers of Time\u201d Haabersti Center, Tallinn<\/p><p>2016 \u201cMoments of Light\u201d N\u00f5mme Cultural Center, Tallinn<\/p><p>2016 \u201cFlowers of Time\u201d Tallinna Huvikeskus Kullo<\/p><p>2014 \u201cProposal\u201d Tallinna Huvikeskus Kullo<\/p>\t\t\t\t\t\t\t\t<\/div>\n\t\t\t\t<\/div>\n\t\t\t\t\t<\/div>\n\t\t<\/div>\n\t\t\t\t<div class=\"elementor-column elementor-col-50 elementor-top-column elementor-element elementor-element-d98630e\" data-id=\"d98630e\" data-element_type=\"column\" data-e-type=\"column\">\n\t\t\t<div class=\"elementor-widget-wrap elementor-element-populated\">\n\t\t\t\t\t\t<div class=\"elementor-element elementor-element-217135a elementor-widget elementor-widget-image\" data-id=\"217135a\" data-element_type=\"widget\" data-e-type=\"widget\" data-widget_type=\"image.default\">\n\t\t\t\t<div class=\"elementor-widget-container\">\n\t\t\t\t\t\t\t\t\t\t\t\t\t\t\t<img loading=\"lazy\" decoding=\"async\" width=\"867\" height=\"1024\" src=\"https:\/\/hommikumaalid.ee\/wp-content\/uploads\/2022\/02\/IMG_2673-2-867x1024.jpg\" class=\"attachment-large size-large wp-image-2598\" alt=\"\" srcset=\"https:\/\/hommikumaalid.ee\/wp-content\/uploads\/2022\/02\/IMG_2673-2-867x1024.jpg 867w, https:\/\/hommikumaalid.ee\/wp-content\/uploads\/2022\/02\/IMG_2673-2-254x300.jpg 254w, https:\/\/hommikumaalid.ee\/wp-content\/uploads\/2022\/02\/IMG_2673-2-768x907.jpg 768w, https:\/\/hommikumaalid.ee\/wp-content\/uploads\/2022\/02\/IMG_2673-2-1300x1536.jpg 1300w, https:\/\/hommikumaalid.ee\/wp-content\/uploads\/2022\/02\/IMG_2673-2-1734x2048.jpg 1734w, https:\/\/hommikumaalid.ee\/wp-content\/uploads\/2022\/02\/IMG_2673-2-600x709.jpg 600w, https:\/\/hommikumaalid.ee\/wp-content\/uploads\/2022\/02\/IMG_2673-2.jpg 1849w\" sizes=\"(max-width: 867px) 100vw, 867px\" \/>\t\t\t\t\t\t\t\t\t\t\t\t\t\t\t<\/div>\n\t\t\t\t<\/div>\n\t\t\t\t<div class=\"elementor-element elementor-element-b01e9a9 elementor-widget elementor-widget-image\" data-id=\"b01e9a9\" data-element_type=\"widget\" data-e-type=\"widget\" data-widget_type=\"image.default\">\n\t\t\t\t<div class=\"elementor-widget-container\">\n\t\t\t\t\t\t\t\t\t\t\t\t\t\t\t<img loading=\"lazy\" decoding=\"async\" width=\"1024\" height=\"936\" src=\"https:\/\/hommikumaalid.ee\/wp-content\/uploads\/2021\/10\/IMG_4442-3-1024x936.jpg\" class=\"attachment-large size-large wp-image-1074\" alt=\"\" srcset=\"https:\/\/hommikumaalid.ee\/wp-content\/uploads\/2021\/10\/IMG_4442-3-1024x936.jpg 1024w, https:\/\/hommikumaalid.ee\/wp-content\/uploads\/2021\/10\/IMG_4442-3-300x274.jpg 300w, https:\/\/hommikumaalid.ee\/wp-content\/uploads\/2021\/10\/IMG_4442-3-768x702.jpg 768w, https:\/\/hommikumaalid.ee\/wp-content\/uploads\/2021\/10\/IMG_4442-3-1536x1404.jpg 1536w, https:\/\/hommikumaalid.ee\/wp-content\/uploads\/2021\/10\/IMG_4442-3-600x548.jpg 600w, https:\/\/hommikumaalid.ee\/wp-content\/uploads\/2021\/10\/IMG_4442-3.jpg 2001w\" sizes=\"(max-width: 1024px) 100vw, 1024px\" \/>\t\t\t\t\t\t\t\t\t\t\t\t\t\t\t<\/div>\n\t\t\t\t<\/div>\n\t\t\t\t\t<\/div>\n\t\t<\/div>\n\t\t\t\t\t<\/div>\n\t\t<\/section>\n\t\t\t\t<section class=\"elementor-section elementor-top-section elementor-element elementor-element-73d1361 elementor-section-boxed elementor-section-height-default elementor-section-height-default\" data-id=\"73d1361\" data-element_type=\"section\" data-e-type=\"section\">\n\t\t\t\t\t\t<div class=\"elementor-container elementor-column-gap-default\">\n\t\t\t\t\t<div class=\"elementor-column elementor-col-50 elementor-top-column elementor-element elementor-element-0372fff\" data-id=\"0372fff\" data-element_type=\"column\" data-e-type=\"column\">\n\t\t\t<div class=\"elementor-widget-wrap elementor-element-populated\">\n\t\t\t\t\t\t<div class=\"elementor-element elementor-element-0add8f1 elementor-widget elementor-widget-image\" data-id=\"0add8f1\" data-element_type=\"widget\" data-e-type=\"widget\" data-widget_type=\"image.default\">\n\t\t\t\t<div class=\"elementor-widget-container\">\n\t\t\t\t\t\t\t\t\t\t\t\t\t\t\t<img loading=\"lazy\" decoding=\"async\" width=\"683\" height=\"1024\" src=\"https:\/\/hommikumaalid.ee\/wp-content\/uploads\/2021\/11\/4Ih3Xe1Y-683x1024.jpeg\" class=\"attachment-large size-large wp-image-2230\" alt=\"\" srcset=\"https:\/\/hommikumaalid.ee\/wp-content\/uploads\/2021\/11\/4Ih3Xe1Y-683x1024.jpeg 683w, https:\/\/hommikumaalid.ee\/wp-content\/uploads\/2021\/11\/4Ih3Xe1Y-200x300.jpeg 200w, https:\/\/hommikumaalid.ee\/wp-content\/uploads\/2021\/11\/4Ih3Xe1Y-768x1152.jpeg 768w, https:\/\/hommikumaalid.ee\/wp-content\/uploads\/2021\/11\/4Ih3Xe1Y-1024x1536.jpeg 1024w, https:\/\/hommikumaalid.ee\/wp-content\/uploads\/2021\/11\/4Ih3Xe1Y-1365x2048.jpeg 1365w, https:\/\/hommikumaalid.ee\/wp-content\/uploads\/2021\/11\/4Ih3Xe1Y-600x900.jpeg 600w, https:\/\/hommikumaalid.ee\/wp-content\/uploads\/2021\/11\/4Ih3Xe1Y-scaled.jpeg 1707w\" sizes=\"(max-width: 683px) 100vw, 683px\" \/>\t\t\t\t\t\t\t\t\t\t\t\t\t\t\t<\/div>\n\t\t\t\t<\/div>\n\t\t\t\t<div class=\"elementor-element elementor-element-a0099a5 elementor-widget elementor-widget-image\" data-id=\"a0099a5\" data-element_type=\"widget\" data-e-type=\"widget\" data-widget_type=\"image.default\">\n\t\t\t\t<div class=\"elementor-widget-container\">\n\t\t\t\t\t\t\t\t\t\t\t\t\t\t\t<img loading=\"lazy\" decoding=\"async\" width=\"684\" height=\"1024\" src=\"https:\/\/hommikumaalid.ee\/wp-content\/uploads\/2021\/10\/IMG_4441-2-684x1024.jpg\" class=\"attachment-large size-large wp-image-1073\" alt=\"\" srcset=\"https:\/\/hommikumaalid.ee\/wp-content\/uploads\/2021\/10\/IMG_4441-2-684x1024.jpg 684w, https:\/\/hommikumaalid.ee\/wp-content\/uploads\/2021\/10\/IMG_4441-2-200x300.jpg 200w, https:\/\/hommikumaalid.ee\/wp-content\/uploads\/2021\/10\/IMG_4441-2-768x1150.jpg 768w, https:\/\/hommikumaalid.ee\/wp-content\/uploads\/2021\/10\/IMG_4441-2-1025x1536.jpg 1025w, https:\/\/hommikumaalid.ee\/wp-content\/uploads\/2021\/10\/IMG_4441-2-1367x2048.jpg 1367w, https:\/\/hommikumaalid.ee\/wp-content\/uploads\/2021\/10\/IMG_4441-2-600x899.jpg 600w, https:\/\/hommikumaalid.ee\/wp-content\/uploads\/2021\/10\/IMG_4441-2-scaled.jpg 1709w\" sizes=\"(max-width: 684px) 100vw, 684px\" \/>\t\t\t\t\t\t\t\t\t\t\t\t\t\t\t<\/div>\n\t\t\t\t<\/div>\n\t\t\t\t\t<\/div>\n\t\t<\/div>\n\t\t\t\t<div class=\"elementor-column elementor-col-50 elementor-top-column elementor-element elementor-element-208939c\" data-id=\"208939c\" data-element_type=\"column\" data-e-type=\"column\">\n\t\t\t<div class=\"elementor-widget-wrap elementor-element-populated\">\n\t\t\t\t\t\t<div class=\"elementor-element elementor-element-1b654fa elementor-widget__width-initial elementor-widget elementor-widget-text-editor\" data-id=\"1b654fa\" data-element_type=\"widget\" data-e-type=\"widget\" data-widget_type=\"text-editor.default\">\n\t\t\t\t<div class=\"elementor-widget-container\">\n\t\t\t\t\t\t\t\t\t<p><strong>Group Exhibitions<\/strong><\/p><p>2022 Estonian Academy of Arts Open Academy Painting Course Final Works Exhibition, ArtDepoo Gallery, Instructor Maria Sidljarevich, Curator Mart Vainre<\/p><p>2022\u20132025 Overview Exhibitions\n\u201cSmall is Great\u201d,..., \u201cGolden\u201d\nDrawing and Painting Group of Tallinn Hobby Centre Kullo\nKullo Gallery &amp; Karepa Summer Camp Pastel Painting Group Exhibition\nCurated by Kersti Linnam\u00e4gi<\/p><p>2020 Overview Exhibition \u201cBird Peace,\u201d Tallinna Huvikeskus Kullo Drawing and Painting Circle, Kullo Gallery, and Karepa Painting Camp Pastel Exhibition, Curator Kersti Linnam\u00e4gi<\/p><p>2020 Tallinna Huvikeskus Kullo Drawing and Painting Circle Overview Exhibition \u201cUnusually Orange,\u201d Kullo Gallery, and Karepa Painting Camp Pastel Exhibition, Curator Kersti Linnam\u00e4gi<\/p><p>2019 Tallinna Huvikeskus Kullo Drawing and Painting Circle Overview Exhibition \u201cOnly Home,\u201d Kullo Gallery, and Karepa Painting Camp Pastel Exhibition, Curator Kersti Linnam\u00e4gi<\/p><p>2018 Tallinna Huvikeskus Kullo Drawing and Painting Circle Overview Exhibition \u201cLand of People,\u201d Kullo Gallery, and Karepa Painting Camp Pastel Exhibition, Curator Kersti Linnam\u00e4gi<\/p><p>2017 Floral Painting Exhibition \u201cGarden\u201d at K\u00f6ism\u00e4e Tower, Tower Square, Curator Jane Siimsoo-Merivoo<\/p><p>2017 Group Exhibition \u201cOne in Many,\u201d Tallinna Huvikeskus Kullo Drawing and Painting Circle,<\/p><p>2016 Exhibition of \"Flower Paintings\" at K\u00f6ism\u00e4e Tower in Tornide Square, curator Jane Siimsoo-Merivoo<\/p><p>2014 Group Exhibition \"Dance\" at Solaris Center, Tallinn Hobby Center Kullo's Drawing and Painting Circle, curator Kersti Linnam\u00e4gi<\/p><p>2014 \"Cat Paintings Exhibition and Sale\" in support of the NGO Cat Shelter, Tallinn Hobby Center Kullo's Drawing and Painting Circle, curator Kersti Linnam\u00e4gi<\/p><p>2010-2016 Annual group exhibitions of Tallinn Hobby Center Kullo's Drawing and Painting Circle at Kullo Gallery and annual group exhibitions of pastel paintings from Karepa Painting Camp, curator Kersti Linnam\u00e4gi<\/p>\t\t\t\t\t\t\t\t<\/div>\n\t\t\t\t<\/div>\n\t\t\t\t\t<\/div>\n\t\t<\/div>\n\t\t\t\t\t<\/div>\n\t\t<\/section>\n\t\t\t\t<section class=\"elementor-section elementor-top-section elementor-element elementor-element-4e95487 elementor-section-boxed elementor-section-height-default elementor-section-height-default\" data-id=\"4e95487\" data-element_type=\"section\" data-e-type=\"section\">\n\t\t\t\t\t\t<div class=\"elementor-container elementor-column-gap-default\">\n\t\t\t\t\t<div class=\"elementor-column elementor-col-100 elementor-top-column elementor-element elementor-element-f206ade\" data-id=\"f206ade\" data-element_type=\"column\" data-e-type=\"column\">\n\t\t\t<div class=\"elementor-widget-wrap\">\n\t\t\t\t\t\t\t<\/div>\n\t\t<\/div>\n\t\t\t\t\t<\/div>\n\t\t<\/section>\n\t\t\t\t<\/div>","protected":false},"excerpt":{"rendered":"<p>\u00a0 Nii kaua kui ennast m\u00e4letan, olen ikka m\u00f5nele paberiservale midagi kritseldanud v\u00f5i joonistanud, enamik koolivihikute servadest olid mul t\u00e4is joonistatud. V\u00f5ib-olla tuleb teilegi tuttav ette? Juba keskkooli ajal tekkis v\u00f5imalus omandada kangamaalija\/siidimaalija eriala vabrikus Tekstiil ja orienteeruvalt seitse aastat tagasi alustasin uuesti siidile maalimist. Siidile maalimisel paelubki\u00a0 just see, kuidas v\u00e4rvid omavahel sulanduvad ja [&hellip;]<\/p>\n","protected":false},"author":1,"featured_media":0,"parent":0,"menu_order":3,"comment_status":"closed","ping_status":"closed","template":"","meta":{"site-sidebar-layout":"no-sidebar","site-content-layout":"page-builder","ast-site-content-layout":"full-width-container","site-content-style":"default","site-sidebar-style":"default","ast-global-header-display":"","ast-banner-title-visibility":"","ast-main-header-display":"","ast-hfb-above-header-display":"","ast-hfb-below-header-display":"","ast-hfb-mobile-header-display":"","site-post-title":"disabled","ast-breadcrumbs-content":"","ast-featured-img":"disabled","footer-sml-layout":"","ast-disable-related-posts":"","theme-transparent-header-meta":"","adv-header-id-meta":"","stick-header-meta":"","header-above-stick-meta":"","header-main-stick-meta":"","header-below-stick-meta":"","astra-migrate-meta-layouts":"set","ast-page-background-enabled":"default","ast-page-background-meta":{"desktop":{"background-color":"","background-image":"","background-repeat":"repeat","background-position":"center center","background-size":"auto","background-attachment":"scroll","background-type":"","background-media":"","overlay-type":"","overlay-color":"","overlay-opacity":"","overlay-gradient":""},"tablet":{"background-color":"","background-image":"","background-repeat":"repeat","background-position":"center center","background-size":"auto","background-attachment":"scroll","background-type":"","background-media":"","overlay-type":"","overlay-color":"","overlay-opacity":"","overlay-gradient":""},"mobile":{"background-color":"","background-image":"","background-repeat":"repeat","background-position":"center center","background-size":"auto","background-attachment":"scroll","background-type":"","background-media":"","overlay-type":"","overlay-color":"","overlay-opacity":"","overlay-gradient":""}},"ast-content-background-meta":{"desktop":{"background-color":"var(--ast-global-color-5)","background-image":"","background-repeat":"repeat","background-position":"center center","background-size":"auto","background-attachment":"scroll","background-type":"","background-media":"","overlay-type":"","overlay-color":"","overlay-opacity":"","overlay-gradient":""},"tablet":{"background-color":"var(--ast-global-color-5)","background-image":"","background-repeat":"repeat","background-position":"center center","background-size":"auto","background-attachment":"scroll","background-type":"","background-media":"","overlay-type":"","overlay-color":"","overlay-opacity":"","overlay-gradient":""},"mobile":{"background-color":"var(--ast-global-color-5)","background-image":"","background-repeat":"repeat","background-position":"center center","background-size":"auto","background-attachment":"scroll","background-type":"","background-media":"","overlay-type":"","overlay-color":"","overlay-opacity":"","overlay-gradient":""}},"footnotes":""},"class_list":["post-3555","page","type-page","status-publish","hentry"],"jetpack_sharing_enabled":true,"_links":{"self":[{"href":"https:\/\/hommikumaalid.ee\/en\/wp-json\/wp\/v2\/pages\/3555","targetHints":{"allow":["GET"]}}],"collection":[{"href":"https:\/\/hommikumaalid.ee\/en\/wp-json\/wp\/v2\/pages"}],"about":[{"href":"https:\/\/hommikumaalid.ee\/en\/wp-json\/wp\/v2\/types\/page"}],"author":[{"embeddable":true,"href":"https:\/\/hommikumaalid.ee\/en\/wp-json\/wp\/v2\/users\/1"}],"replies":[{"embeddable":true,"href":"https:\/\/hommikumaalid.ee\/en\/wp-json\/wp\/v2\/comments?post=3555"}],"version-history":[{"count":68,"href":"https:\/\/hommikumaalid.ee\/en\/wp-json\/wp\/v2\/pages\/3555\/revisions"}],"predecessor-version":[{"id":5133,"href":"https:\/\/hommikumaalid.ee\/en\/wp-json\/wp\/v2\/pages\/3555\/revisions\/5133"}],"wp:attachment":[{"href":"https:\/\/hommikumaalid.ee\/en\/wp-json\/wp\/v2\/media?parent=3555"}],"curies":[{"name":"wp","href":"https:\/\/api.w.org\/{rel}","templated":true}]}}